{"id":2,"date":"2025-01-23T09:49:01","date_gmt":"2025-01-23T09:49:01","guid":{"rendered":"https:\/\/edusocial.es\/?page_id=2"},"modified":"2025-03-29T10:03:52","modified_gmt":"2025-03-29T10:03:52","slug":"sample-page","status":"publish","type":"page","link":"https:\/\/edusocial.es\/","title":{"rendered":"Inicio"},"content":{"rendered":"\n<h3 class=\"wp-block-heading\">\u00a1Prep\u00e1rate para las Oposiciones de Educador\/a Social en el \u00e1mbito educativo con esta Web!<\/h3>\n\n\n\n<hr class=\"wp-block-separator has-alpha-channel-opacity\"\/>\n\n\n\n<p class=\"wp-block-paragraph\">Si quieres trabajar como <strong>educador\/a social<\/strong> en el \u00e1mbito educativo, te ayudamos a conseguirlo. En nuestra p\u00e1gina web encontrar\u00e1s recursos y materiales necesarios para preparar las oposiciones al <strong>cuerpo A2 de T\u00e9cnico de Grado Medio<\/strong> de la <strong>Junta de Andaluc\u00eda<\/strong>. M\u00e1s adelante ofreceremos materiales adaptados para convocatorias de <strong>ayuntamientos y diputaciones<\/strong>.<\/p>\n\n\n\n<hr class=\"wp-block-separator has-alpha-channel-opacity\"\/>\n\n\n\n<h4 class=\"wp-block-heading\">\u00bfQu\u00e9 ofrecemos?<\/h4>\n\n\n\n<p class=\"wp-block-paragraph\"><\/p>\n\n\n\n<ul class=\"wp-block-list\">\n<li><strong>Gu\u00eda para el Temario Com\u00fan para el Cuerpo A2<\/strong><br>Adaptado a la normativa vigente y dise\u00f1ado para cubrir todas las materias esenciales de las oposiciones al cuerpo A2.<\/li>\n\n\n\n<li><strong><strong>Temario Espec\u00edfico para el Grupo A2.2018 Educaci\u00f3n Social<\/strong><\/strong><br>Temario actualizado sobre el bloque espec\u00edfico de materias relacionadas con el puesto de la convocatoria.<\/li>\n\n\n\n<li><strong>Recursos para otras convocatorias de la Junta de Andaluc\u00eda as\u00ed como para las convocatorias de algunos Ayuntamientos y Diputaciones<\/strong><br>Adem\u00e1s de preparar las oposiciones de la Junta de Andaluc\u00eda, iremos proporcionamos materiales espec\u00edficos para afrontar procesos selectivos en entidades locales as\u00ed como otras convocatorias, aunque ese no es el fin en s\u00ed de esta web.<\/li>\n\n\n\n<li><strong>Material 100% Online<\/strong>\n<ul class=\"wp-block-list\">\n<li>Materiales descargables con contenidos de las convocatorias que podamos ir a\u00f1adiendo.<\/li>\n\n\n\n<li>Esquemas y res\u00famenes que te facilitan el estudio y la preparaci\u00f3n de los examenes tipo test y desarrollando.<\/li>\n\n\n\n<li>Actualizaciones para garantizar que est\u00e1s al d\u00eda con la legislaci\u00f3n y las novedades del proceso selectivo.<\/li>\n<\/ul>\n<\/li>\n\n\n\n<li><strong>Pr\u00e1ctica y Supuestos Reales<\/strong>\n<ul class=\"wp-block-list\">\n<li>Ejercicios pr\u00e1cticos adaptados al \u00e1mbito de la educaci\u00f3n social.<\/li>\n\n\n\n<li>Simulacros de examen con soluciones detalladas para que te enfrentes con seguridad a la prueba.<\/li>\n<\/ul>\n<\/li>\n<\/ul>\n\n\n\n<p class=\"wp-block-paragraph\"><\/p>\n\n\n\n<h4 class=\"wp-block-heading\">\u00bfA qui\u00e9n est\u00e1 dirigida nuestra plataforma?<\/h4>\n\n\n\n<p class=\"wp-block-paragraph\"><\/p>\n\n\n\n<ul class=\"wp-block-list\">\n<li>A opositores\/as que quieran prepararse de manera flexible y aut\u00f3noma, desde cualquier lugar y a su ritmo.<\/li>\n\n\n\n<li>A quienes busquen <strong>material especializado y adaptado<\/strong> al perfil del educador social, tanto en el \u00e1mbito auton\u00f3mico como local.<\/li>\n\n\n\n<li>A quienes quieran acceder a un <strong>contenido pr\u00e1ctico y actualizado<\/strong>, sin necesidad de asistir a clases presenciales.<\/li>\n<\/ul>\n\n\n\n<h4 class=\"wp-block-heading\">\u00bfQu\u00e9 encontrar\u00e1s en nuestra p\u00e1gina web?<\/h4>\n\n\n\n<p class=\"wp-block-paragraph\"><\/p>\n\n\n\n<ol class=\"wp-block-list\">\n<li><strong>Temario Espec\u00edfico<\/strong>\n<ul class=\"wp-block-list\">\n<li>Legislaci\u00f3n b\u00e1sica para la preparaci\u00f3n de los tests y los temas de desarrollo.<\/li>\n\n\n\n<li>Autores relevantes para cada tema.<\/li>\n<\/ul>\n<\/li>\n\n\n\n<li><strong>Banco de Recursos<\/strong>\n<ul class=\"wp-block-list\">\n<li>Test de autoevaluaci\u00f3n.<\/li>\n\n\n\n<li>Modelos de supuestos pr\u00e1cticos resueltos.<\/li>\n\n\n\n<li>Casos reales basados en el \u00e1mbito de intervenci\u00f3n del educador social.<\/li>\n<\/ul>\n<\/li>\n\n\n\n<li><strong>Novedades y Convocatorias<\/strong>\n<ul class=\"wp-block-list\">\n<li>Informaci\u00f3n actualizada sobre las pr\u00f3ximas oposiciones de la Junta de Andaluc\u00eda, y m\u00e1s adelante de ayuntamientos y diputaciones.<\/li>\n\n\n\n<li>Requisitos, plazos y fases del proceso selectivo.<\/li>\n<\/ul>\n<\/li>\n<\/ol>\n\n\n\n<h4 class=\"wp-block-heading\">\u00bfPor qu\u00e9 elegirnos?<\/h4>\n\n\n\n<p class=\"wp-block-paragraph\"><\/p>\n\n\n\n<ul class=\"wp-block-list\">\n<li><strong>Flexibilidad Total:<\/strong> Accede a todo el contenido desde cualquier dispositivo y organiza tu estudio seg\u00fan tus necesidades.<\/li>\n\n\n\n<li><strong>Material Actualizado:<\/strong> Nos aseguramos de que todos nuestros recursos est\u00e9n al d\u00eda con la normativa vigente.<\/li>\n\n\n\n<li><strong>Soporte Personalizado:<\/strong> Si tienes dudas sobre los materiales o el proceso de oposici\u00f3n, podremos agendar tutorias personalizadas que te ayuden al estudio.<\/li>\n<\/ul>\n\n\n\n<h4 class=\"wp-block-heading\">\u00a1Empieza Hoy!<\/h4>\n\n\n\n<p class=\"wp-block-paragraph\"><\/p>\n\n\n\n<p class=\"wp-block-paragraph\">No dejes pasar esta oportunidad para prepararte de manera eficiente y alcanzar tu objetivo. Reg\u00edstrate en nuestra p\u00e1gina web y accede al mejor material para preparar las <strong>oposiciones de educador social<\/strong>.<\/p>\n\n\n\n<blockquote class=\"wp-block-quote is-layout-flow wp-block-quote-is-layout-flow\">\n<p class=\"wp-block-paragraph\">\ud83c\udf10 <strong>P\u00e1gina web:<\/strong> www.edusocial.es<br>\ud83d\udce7 <strong>Email de contacto:<\/strong> info@edusocial.es<\/p>\n<\/blockquote>\n\n\n\n<p class=\"wp-block-paragraph\">\u00a1Haz que tu esfuerzo d\u00e9 frutos y convi\u00e9rtete en funcionario\/a p\u00fablico como educador\/a social!<\/p>\n\n\n\n<hr class=\"wp-block-separator has-alpha-channel-opacity\"\/>\n","protected":false},"excerpt":{"rendered":"<p>\u00a1Prep\u00e1rate para las Oposiciones de Educador\/a Social en el \u00e1mbito educativo con esta Web! Si quieres trabajar como educador\/a social [&hellip;]<\/p>\n","protected":false},"author":1,"featured_media":0,"parent":0,"menu_order":1,"comment_status":"closed","ping_status":"closed","template":"","meta":{"_crdt_document":"","_uag_custom_page_level_css":"","footnotes":""},"class_list":["post-2","page","type-page","status-publish","hentry"],"uagb_featured_image_src":{"full":false,"thumbnail":false,"medium":false,"medium_large":false,"large":false,"1536x1536":false,"2048x2048":false,"flash-square":false,"flash-big":false,"flash-grid":false},"uagb_author_info":{"display_name":"admin","author_link":"https:\/\/edusocial.es\/?author=1"},"uagb_comment_info":0,"uagb_excerpt":"\u00a1Prep\u00e1rate para las Oposiciones de Educador\/a Social en el \u00e1mbito educativo con esta Web! Si quieres trabajar como educador\/a social [&hellip;]","_links":{"self":[{"href":"https:\/\/edusocial.es\/index.php?rest_route=\/wp\/v2\/pages\/2","targetHints":{"allow":["GET"]}}],"collection":[{"href":"https:\/\/edusocial.es\/index.php?rest_route=\/wp\/v2\/pages"}],"about":[{"href":"https:\/\/edusocial.es\/index.php?rest_route=\/wp\/v2\/types\/page"}],"author":[{"embeddable":true,"href":"https:\/\/edusocial.es\/index.php?rest_route=\/wp\/v2\/users\/1"}],"replies":[{"embeddable":true,"href":"https:\/\/edusocial.es\/index.php?rest_route=%2Fwp%2Fv2%2Fcomments&post=2"}],"version-history":[{"count":7,"href":"https:\/\/edusocial.es\/index.php?rest_route=\/wp\/v2\/pages\/2\/revisions"}],"predecessor-version":[{"id":126,"href":"https:\/\/edusocial.es\/index.php?rest_route=\/wp\/v2\/pages\/2\/revisions\/126"}],"wp:attachment":[{"href":"https:\/\/edusocial.es\/index.php?rest_route=%2Fwp%2Fv2%2Fmedia&parent=2"}],"curies":[{"name":"wp","href":"https:\/\/api.w.org\/{rel}","templated":true}]}}