{"id":1920,"date":"2025-11-16T18:52:05","date_gmt":"2025-11-16T18:52:05","guid":{"rendered":"https:\/\/edusocial.es\/?page_id=1920"},"modified":"2025-11-16T20:20:18","modified_gmt":"2025-11-16T20:20:18","slug":"tema-19-ayto-cordoba","status":"publish","type":"page","link":"https:\/\/edusocial.es\/?page_id=1920","title":{"rendered":"Tema 19 Ayto. C\u00f3rdoba"},"content":{"rendered":"\n<p class=\"wp-block-paragraph\"><strong>El sistema P\u00fablico de Servicios Sociales de Andaluc\u00eda: Definici\u00f3n, naturaleza y principios rectores. Estructura b\u00e1sica del Sistema P\u00fablico de Servicios Sociales de Andaluc\u00eda.<\/strong><\/p>\n\n\n\n<div class=\"wp-block-file\"><a id=\"wp-block-file--media-7030b4df-7b0f-4f7e-86ed-16f651b0114b\" href=\"https:\/\/edusocial.es\/wp-content\/uploads\/2025\/11\/Tema19ACEdusocial.pdf\" target=\"_blank\" rel=\"noreferrer noopener\"><kbd>Tema 19 AC Edusocial<\/kbd><\/a><a href=\"https:\/\/edusocial.es\/wp-content\/uploads\/2025\/11\/Tema19ACEdusocial.pdf\" class=\"wp-block-file__button wp-element-button\" download aria-describedby=\"wp-block-file--media-7030b4df-7b0f-4f7e-86ed-16f651b0114b\"><kbd>Descarga<\/kbd><\/a><\/div>\n\n\n\n<p class=\"wp-block-paragraph\"><\/p>\n\n\n\n<p class=\"wp-block-paragraph\"><\/p>\n","protected":false},"excerpt":{"rendered":"<p>El sistema P\u00fablico de Servicios Sociales de Andaluc\u00eda: Definici\u00f3n, naturaleza y principios rectores. Estructura b\u00e1sica del Sistema P\u00fablico de Servicios [&hellip;]<\/p>\n","protected":false},"author":1,"featured_media":0,"parent":1478,"menu_order":19,"comment_status":"closed","ping_status":"closed","template":"","meta":{"_crdt_document":"","_uag_custom_page_level_css":"","footnotes":""},"class_list":["post-1920","page","type-page","status-publish","hentry"],"uagb_featured_image_src":{"full":false,"thumbnail":false,"medium":false,"medium_large":false,"large":false,"1536x1536":false,"2048x2048":false,"flash-square":false,"flash-big":false,"flash-grid":false},"uagb_author_info":{"display_name":"admin","author_link":"https:\/\/edusocial.es\/?author=1"},"uagb_comment_info":0,"uagb_excerpt":"El sistema P\u00fablico de Servicios Sociales de Andaluc\u00eda: Definici\u00f3n, naturaleza y principios rectores. Estructura b\u00e1sica del Sistema P\u00fablico de Servicios [&hellip;]","_links":{"self":[{"href":"https:\/\/edusocial.es\/index.php?rest_route=\/wp\/v2\/pages\/1920","targetHints":{"allow":["GET"]}}],"collection":[{"href":"https:\/\/edusocial.es\/index.php?rest_route=\/wp\/v2\/pages"}],"about":[{"href":"https:\/\/edusocial.es\/index.php?rest_route=\/wp\/v2\/types\/page"}],"author":[{"embeddable":true,"href":"https:\/\/edusocial.es\/index.php?rest_route=\/wp\/v2\/users\/1"}],"replies":[{"embeddable":true,"href":"https:\/\/edusocial.es\/index.php?rest_route=%2Fwp%2Fv2%2Fcomments&post=1920"}],"version-history":[{"count":3,"href":"https:\/\/edusocial.es\/index.php?rest_route=\/wp\/v2\/pages\/1920\/revisions"}],"predecessor-version":[{"id":1934,"href":"https:\/\/edusocial.es\/index.php?rest_route=\/wp\/v2\/pages\/1920\/revisions\/1934"}],"up":[{"embeddable":true,"href":"https:\/\/edusocial.es\/index.php?rest_route=\/wp\/v2\/pages\/1478"}],"wp:attachment":[{"href":"https:\/\/edusocial.es\/index.php?rest_route=%2Fwp%2Fv2%2Fmedia&parent=1920"}],"curies":[{"name":"wp","href":"https:\/\/api.w.org\/{rel}","templated":true}]}}